{"id":780,"date":"2022-12-15T07:32:23","date_gmt":"2022-12-15T07:32:23","guid":{"rendered":"http:\/\/blascozumeta.com\/?page_id=780"},"modified":"2024-01-28T11:00:49","modified_gmt":"2024-01-28T11:00:49","slug":"comprar-el-libro","status":"publish","type":"page","link":"https:\/\/blascozumeta.wimbitek.com\/?page_id=780","title":{"rendered":"Comprar el Libro"},"content":{"rendered":"\n<div class=\"wp-block-group alignwide\"><div class=\"wp-block-group__inner-container is-layout-flow wp-block-group-is-layout-flow\">\n<div class=\"wp-block-group has-black-color has-text-color\" style=\"padding-top:0em;padding-right:10em;padding-bottom:2em;padding-left:7em\"><div class=\"wp-block-group__inner-container is-layout-flow wp-block-group-is-layout-flow\">\n<h1 class=\"wp-block-heading\">Comprar el Libro<\/h1>\n\n\n\n<p class=\"has-black-color has-text-color\">Si lo deseas, existe la opci\u00f3n de comprar la monograf\u00eda, publicada por Tundra Ediciones. Se trata de un libro de 564 p\u00e1ginas, tama\u00f1o 24&#215;17 cm. Adem\u00e1s de las fichas que puedes consultar gratis en este portal, <a href=\"http:\/\/blascozumeta.com\/\" data-type=\"URL\" data-id=\"http:\/\/blascozumeta.com\/\"><strong>www.blascozumeta.com<\/strong><\/a>, la monograf\u00eda cuenta con 24 fichas y claves adicionales para la identificaci\u00f3n de pares de especies o grupos de especies cuya identificaci\u00f3n es complicada. El coste del libro es 65 \u20ac.<\/p>\n\n\n\n<p class=\"has-black-color has-text-color\">Si deseas adquirir la monograf\u00eda, pincha en este <a href=\"https:\/\/www.tundraediciones.es\/index.php?option=com_virtuemart&amp;view=productdetails&amp;virtuemart_product_id=766&amp;virtuemart_category_id=25&amp;lang=es\"><strong>enlace<\/strong><\/a>.<\/p>\n<\/div><\/div>\n<\/div><\/div>\n\n\n<div class=\"wp-block-image is-resized\">\n<figure class=\"aligncenter size-full\"><img loading=\"lazy\" decoding=\"async\" width=\"376\" height=\"535\" src=\"http:\/\/blascozumeta.com\/wp-content\/uploads\/2024\/01\/libro-2a-edicion.jpg\" alt=\"\" class=\"wp-image-1074\" srcset=\"https:\/\/blascozumeta.wimbitek.com\/wp-content\/uploads\/2024\/01\/libro-2a-edicion.jpg 376w, https:\/\/blascozumeta.wimbitek.com\/wp-content\/uploads\/2024\/01\/libro-2a-edicion-211x300.jpg 211w\" sizes=\"auto, (max-width: 376px) 100vw, 376px\" \/><\/figure><\/div>","protected":false},"excerpt":{"rendered":"<p>Comprar el Libro Si lo deseas, existe la opci\u00f3n de comprar la monograf\u00eda, publicada por Tundra Ediciones. Se trata de un libro de 564 p\u00e1ginas, tama\u00f1o 24&#215;17 cm. Adem\u00e1s de las fichas que puedes consultar gratis en este portal, www.blascozumeta.com, la monograf\u00eda cuenta con 24 fichas y claves adicionales para la identificaci\u00f3n de pares de &hellip;<\/p>\n","protected":false},"author":2,"featured_media":781,"parent":0,"menu_order":0,"comment_status":"closed","ping_status":"closed","template":"","meta":{"footnotes":""},"class_list":["post-780","page","type-page","status-publish","has-post-thumbnail","hentry"],"_links":{"self":[{"href":"https:\/\/blascozumeta.wimbitek.com\/index.php?rest_route=\/wp\/v2\/pages\/780","targetHints":{"allow":["GET"]}}],"collection":[{"href":"https:\/\/blascozumeta.wimbitek.com\/index.php?rest_route=\/wp\/v2\/pages"}],"about":[{"href":"https:\/\/blascozumeta.wimbitek.com\/index.php?rest_route=\/wp\/v2\/types\/page"}],"author":[{"embeddable":true,"href":"https:\/\/blascozumeta.wimbitek.com\/index.php?rest_route=\/wp\/v2\/users\/2"}],"replies":[{"embeddable":true,"href":"https:\/\/blascozumeta.wimbitek.com\/index.php?rest_route=%2Fwp%2Fv2%2Fcomments&post=780"}],"version-history":[{"count":35,"href":"https:\/\/blascozumeta.wimbitek.com\/index.php?rest_route=\/wp\/v2\/pages\/780\/revisions"}],"predecessor-version":[{"id":1082,"href":"https:\/\/blascozumeta.wimbitek.com\/index.php?rest_route=\/wp\/v2\/pages\/780\/revisions\/1082"}],"wp:featuredmedia":[{"embeddable":true,"href":"https:\/\/blascozumeta.wimbitek.com\/index.php?rest_route=\/wp\/v2\/media\/781"}],"wp:attachment":[{"href":"https:\/\/blascozumeta.wimbitek.com\/index.php?rest_route=%2Fwp%2Fv2%2Fmedia&parent=780"}],"curies":[{"name":"wp","href":"https:\/\/api.w.org\/{rel}","templated":true}]}}