{"id":258,"date":"2022-07-06T13:06:09","date_gmt":"2022-07-06T13:06:09","guid":{"rendered":"http:\/\/3.66.156.246\/?page_id=258"},"modified":"2023-04-28T08:07:11","modified_gmt":"2023-04-28T08:07:11","slug":"introduccion","status":"publish","type":"page","link":"https:\/\/blascozumeta.wimbitek.com\/","title":{"rendered":"Introducci\u00f3n"},"content":{"rendered":"\n<div class=\"wp-block-cover alignfull is-light intro\" style=\"padding-top:40px;padding-right:40px;padding-bottom:40px;padding-left:40px;min-height:267px;aspect-ratio:unset;\"><span aria-hidden=\"true\" class=\"wp-block-cover__background has-background-dim-100 has-background-dim\" style=\"background-color:#8dbb27\"><\/span><div class=\"wp-block-cover__inner-container is-layout-flow wp-block-cover-is-layout-flow\">\n<h1 class=\"wp-block-heading alignfull has-text-align-center has-black-color has-text-color\" style=\"font-size:46px;font-style:normal;font-weight:600\">Gu\u00eda de identificaci\u00f3n de aves de Arag\u00f3n y Espa\u00f1a continental<\/h1>\n<\/div><\/div>\n\n\n\n<div class=\"wp-block-media-text alignfull has-media-on-the-right is-stacked-on-mobile is-vertically-aligned-center intro_image has-black-color has-white-background-color has-text-color has-background\" style=\"grid-template-columns:auto 40%\"><div class=\"wp-block-media-text__content\">\n<div class=\"wp-block-group\" style=\"padding-top:0em;padding-right:2em;padding-bottom:0em;padding-left:2em\"><div class=\"wp-block-group__inner-container is-layout-flow wp-block-group-is-layout-flow\">\n<h2 class=\"wp-block-heading has-black-color has-text-color\">Introducci\u00f3n<\/h2>\n\n\n\n<p>La identificaci\u00f3n de la edad y el sexo de aves en mano constituye una de las tareas esenciales a las que todo anillador debe enfrentarse en su quehacer diario. En este contexto, Javier Blasco Zumeta, a trav\u00e9s de su Atlas de identificaci\u00f3n de las aves de Arag\u00f3n, ha contribuido como pocos a construir una herramienta que, a d\u00eda de hoy, es referente en toda Europa para anilladores en particular, y ornit\u00f3logos en general.<\/p>\n\n\n\n<p>A esa labor sin parang\u00f3n, tras la cual no hay m\u00e1s que miles de horas de campo, muchos kil\u00f3metros recorridos y tiempo incontable dedicado a la documentaci\u00f3n, estudio y consultas con expertos de aqu\u00ed y all\u00e1, se ha de sumar un esfuerzo econ\u00f3mico adicional para mantener la p\u00e1gina web que ha permitido la consulta gratuita de la gu\u00eda. Todo ello, financiado desde el presupuesto familiar del autor.<\/p>\n<\/div><\/div>\n<\/div><figure class=\"wp-block-media-text__media\"><img loading=\"lazy\" decoding=\"async\" width=\"1024\" height=\"683\" src=\"http:\/\/3.66.156.246\/wp-content\/uploads\/2022\/07\/8V8A5500-1024x683.jpg\" alt=\"\" class=\"wp-image-546 size-full\" srcset=\"https:\/\/blascozumeta.wimbitek.com\/wp-content\/uploads\/2022\/07\/8V8A5500-1024x683.jpg 1024w, https:\/\/blascozumeta.wimbitek.com\/wp-content\/uploads\/2022\/07\/8V8A5500-300x200.jpg 300w, https:\/\/blascozumeta.wimbitek.com\/wp-content\/uploads\/2022\/07\/8V8A5500-768x512.jpg 768w, https:\/\/blascozumeta.wimbitek.com\/wp-content\/uploads\/2022\/07\/8V8A5500-1536x1024.jpg 1536w, https:\/\/blascozumeta.wimbitek.com\/wp-content\/uploads\/2022\/07\/8V8A5500-2048x1365.jpg 2048w\" sizes=\"auto, (max-width: 1024px) 100vw, 1024px\" \/><\/figure><\/div>\n\n\n\n<div class=\"wp-block-media-text alignfull is-stacked-on-mobile intro_image has-black-color has-white-background-color has-text-color has-background\" style=\"grid-template-columns:40% auto\"><figure class=\"wp-block-media-text__media\"><img loading=\"lazy\" decoding=\"async\" width=\"1024\" height=\"683\" src=\"http:\/\/3.66.156.246\/wp-content\/uploads\/2022\/07\/8V8A9385-1024x683.jpg\" alt=\"\" class=\"wp-image-545 size-full\" srcset=\"https:\/\/blascozumeta.wimbitek.com\/wp-content\/uploads\/2022\/07\/8V8A9385-1024x683.jpg 1024w, https:\/\/blascozumeta.wimbitek.com\/wp-content\/uploads\/2022\/07\/8V8A9385-300x200.jpg 300w, https:\/\/blascozumeta.wimbitek.com\/wp-content\/uploads\/2022\/07\/8V8A9385-768x512.jpg 768w, https:\/\/blascozumeta.wimbitek.com\/wp-content\/uploads\/2022\/07\/8V8A9385-1536x1024.jpg 1536w, https:\/\/blascozumeta.wimbitek.com\/wp-content\/uploads\/2022\/07\/8V8A9385-2048x1365.jpg 2048w\" sizes=\"auto, (max-width: 1024px) 100vw, 1024px\" \/><\/figure><div class=\"wp-block-media-text__content\">\n<div class=\"wp-block-group\" style=\"padding-top:0px;padding-right:2em;padding-bottom:0em;padding-left:2em\"><div class=\"wp-block-group__inner-container is-layout-flow wp-block-group-is-layout-flow\">\n<p>Conscientes del esfuerzo que se necesita para mantener el Atlas disponible, Javier Blasco Zumeta y la Sociedad de Ciencias Aranzadi, cuya Oficina de Anillamiento tiene el orgullo de tenerlo entre sus filas, llegamos a un acuerdo para asumir el coste de mantenimiento de la p\u00e1gina y garantizar la viabilidad del proyecto a largo plazo. Es de este modo como presentamos la p\u00e1gina que tienes a tu disposici\u00f3n, la Gu\u00eda Blasco-Zumeta de Identificaci\u00f3n de Aves de Arag\u00f3n y Espa\u00f1a continental. Como ver\u00e1s, la Gu\u00eda respeta en toda su integridad la obra original, actualiz\u00e1ndola \u00fanicamente en t\u00e9rminos estil\u00edsticos, consolidando y garantizando la libre disposici\u00f3n de su contenido para los a\u00f1os venideros.<\/p>\n\n\n\n<p>Desde la Oficina de Anillamiento de la Sociedad de Ciencias Aranzadi no podemos m\u00e1s que agradecer la confianza depositada y asumir con m\u00e1ximo orgullo y responsabilidad la custodia de esta obra que es hoy ya referente para el anillamiento de aves en toda Europa.<\/p>\n<\/div><\/div>\n<\/div><\/div>\n\n\n\n<div style=\"height:50px\" aria-hidden=\"true\" class=\"wp-block-spacer\"><\/div>\n\n\n\n<div class=\"wp-block-media-text alignfull has-media-on-the-right is-stacked-on-mobile is-vertically-aligned-center intro_image has-black-color has-text-color has-background\" style=\"background-color:#8dbb27;grid-template-columns:auto 40%\"><div class=\"wp-block-media-text__content\">\n<div class=\"wp-block-group\" style=\"padding-top:0em;padding-right:2em;padding-bottom:0em;padding-left:2em\"><div class=\"wp-block-group__inner-container is-layout-flow wp-block-group-is-layout-flow\">\n<h2 class=\"wp-block-heading has-black-color has-text-color\">Sobre el Autor<\/h2>\n\n\n\n<p>Javier Blasco Zumeta (Pina de Ebro, 1957) es maestro jubilado de Primaria y anillador desde 1982, tiempos en los que lo \u00fanico que hab\u00eda para la identificaci\u00f3n de aves en mano era la primera edici\u00f3n de la \u2018Identification Guide of European Passerines\u2019, de L. Svensson, en ingl\u00e9s. La aparici\u00f3n de las c\u00e1maras digitales as\u00ed como las posibilidades de difusi\u00f3n que da internet hicieron que Javier idease el proyecto de preparar una gu\u00eda visual donde poder determinar las diferentes especies de aves que hay en Arag\u00f3n y datar su sexo y edad, sustituyendo as\u00ed por im\u00e1genes las publicaciones que utilizamos los anilladores que con frecuencia se basan en \u00e1ridas descripciones de plumajes. Naci\u00f3 de este modo el Atlas de Identificaci\u00f3n de las Aves de Arag\u00f3n, en colaboraci\u00f3n con Gerd-Michael Heinze, ornit\u00f3logo alem\u00e1n experto en grandes rapaces y aves acu\u00e1ticas, con el que Javier estableci\u00f3 una colaboraci\u00f3n tan estrecha que puede considerarse coautor del trabajo.<\/p>\n\n\n\n<p>Pero no solo de aves \u201cvive\u201d el naturalista. Durante m\u00e1s de una d\u00e9cada Javier coordin\u00f3 un inventario de la fauna y flora de las estepas del Valle del Ebro. Con un equipo de m\u00e1s de cien especialistas de medio mundo se identificaron m\u00e1s de 4.000 especies, con unos resultados que hasta entonces nadie esperaba en un ambiente al que tradicionalmente se consider\u00f3 como degradado e insignificante. Estos paisajes esteparios albergaban una diversidad y originalidad biol\u00f3gicas inexistentes en otras zonas de Europa, con un gran n\u00famero de nuevas especies descritas y unas relaciones con las estepas de Asia que hacen que pueda considerarse como uno de los paisajes m\u00e1s antiguos del continente. Los resultados de este proyecto se pueden consultar a trav\u00e9s de este <a href=\"https:\/\/monteriza.aranzadi.eus\/wp-content\/uploads\/retuerta\/Retuerta.pdf\" data-type=\"URL\" data-id=\"https:\/\/monteriza.aranzadi.eus\/wp-content\/uploads\/retuerta\/Retuerta.pdf\"><strong>enlace<\/strong><\/a>. Siguiendo con este af\u00e1n naturalista, Javier desarrolla en la actualidad otro proyecto para realizar fichas did\u00e1cticas de la fauna y flora de su municipio, Pina de Ebro. Lo ya hecho puede consultarse en este <a href=\"https:\/\/monteriza.aranzadi.eus\/\" data-type=\"URL\" data-id=\"https:\/\/monteriza.aranzadi.eus\/\"><strong>enlace<\/strong><\/a>.<\/p>\n<\/div><\/div>\n<\/div><figure class=\"wp-block-media-text__media\"><img loading=\"lazy\" decoding=\"async\" width=\"930\" height=\"868\" src=\"http:\/\/3.66.156.246\/wp-content\/uploads\/2022\/07\/FotoBlascoZumeta.jpg\" alt=\"\" class=\"wp-image-543 size-full\" srcset=\"https:\/\/blascozumeta.wimbitek.com\/wp-content\/uploads\/2022\/07\/FotoBlascoZumeta.jpg 930w, https:\/\/blascozumeta.wimbitek.com\/wp-content\/uploads\/2022\/07\/FotoBlascoZumeta-300x280.jpg 300w, https:\/\/blascozumeta.wimbitek.com\/wp-content\/uploads\/2022\/07\/FotoBlascoZumeta-768x717.jpg 768w\" sizes=\"auto, (max-width: 930px) 100vw, 930px\" \/><\/figure><\/div>\n\n\n\n<div class=\"wp-block-media-text alignfull is-stacked-on-mobile is-vertically-aligned-center intro_image has-black-color has-text-color has-background\" style=\"background-color:#8dbb27;grid-template-columns:40% auto\"><figure class=\"wp-block-media-text__media\"><img loading=\"lazy\" decoding=\"async\" width=\"1024\" height=\"683\" src=\"http:\/\/3.66.156.246\/wp-content\/uploads\/2022\/07\/8V8A5995-1024x683.jpg\" alt=\"\" class=\"wp-image-590 size-full\" srcset=\"https:\/\/blascozumeta.wimbitek.com\/wp-content\/uploads\/2022\/07\/8V8A5995-1024x683.jpg 1024w, https:\/\/blascozumeta.wimbitek.com\/wp-content\/uploads\/2022\/07\/8V8A5995-300x200.jpg 300w, https:\/\/blascozumeta.wimbitek.com\/wp-content\/uploads\/2022\/07\/8V8A5995-768x512.jpg 768w, https:\/\/blascozumeta.wimbitek.com\/wp-content\/uploads\/2022\/07\/8V8A5995-1536x1024.jpg 1536w, https:\/\/blascozumeta.wimbitek.com\/wp-content\/uploads\/2022\/07\/8V8A5995-2048x1365.jpg 2048w\" sizes=\"auto, (max-width: 1024px) 100vw, 1024px\" \/><\/figure><div class=\"wp-block-media-text__content\">\n<div class=\"wp-block-group\" style=\"padding-top:0em;padding-right:2em;padding-bottom:0em;padding-left:2em\"><div class=\"wp-block-group__inner-container is-layout-flow wp-block-group-is-layout-flow\">\n<p>Pero la implicaci\u00f3n de Javier en su entorno pasa tambi\u00e9n por trabajar aspectos relacionados con la historia y la etnolog\u00eda. Fruto de ello ha sido el \u2018Callejero de Pina de Ebro\u2019, en colaboraci\u00f3n con Nieves Borraz, consultable en este <a href=\"https:\/\/monteriza.aranzadi.eus\/wp-content\/uploads\/callejero\/Callejero.pdf\" data-type=\"URL\" data-id=\"https:\/\/monteriza.aranzadi.eus\/wp-content\/uploads\/callejero\/Callejero.pdf\"><strong>enlace<\/strong><\/a>. En esta misma l\u00ednea, uno de sus proyectos m\u00e1s recientes, realizado con Victoria Zumeta, ha sido revisar los mojones que delimitan el municipio de Pina de Ebro. Siguiendo un documento de deslinde del t\u00e9rmino del a\u00f1o 1872, se han comparado las fotograf\u00edas de hace 150 a\u00f1os con las actuales con el fin de documentar los cambios del paisaje. Como el resto de trabajos, est\u00e1 disponible en internet a trav\u00e9s de un <a href=\"https:\/\/monteriza.aranzadi.eus\/wp-content\/uploads\/mojones\/Libro%20mojones.pdf\" data-type=\"URL\" data-id=\"https:\/\/monteriza.aranzadi.eus\/wp-content\/uploads\/mojones\/Libro%20mojones.pdf\"><strong>enlace<\/strong><\/a>. Otro proyecto en marcha es el inventario de campanarios de Arag\u00f3n, consultable en este <a href=\"http:\/\/blascozumeta.com\/torres\/\" data-type=\"URL\" data-id=\"http:\/\/blascozumeta.com\/torres\/\"><strong>enlace<\/strong><\/a>.<\/p>\n\n\n\n<p>Finalmente, debe destacarse su trabajo como docente durante m\u00e1s de 30 a\u00f1os en el CEIP Ram\u00f3n y Cajal de Pina de Ebro. Javier traslad\u00f3 su pasi\u00f3n por la naturaleza a la escuela y \u201crompi\u00f3\u201d sus muros para sacar la escuela al campo en un proyecto de innovaci\u00f3n educativa en el que se dedicaba una tarde por semana a hacer salidas al entorno para estudiar naturaleza en la Naturaleza.<\/p>\n\n\n\n<p>Todos estos trabajos que se han descrito han sido realizados con la intenci\u00f3n de divulgar, altruistamente, los valores del paisaje y paisanaje, motivo por el que han sido colgados en internet para descarga gratuita. Su recompensa ha venido por las varias decenas de especies de invertebrados esteparios que llevan su nombre y por los premios y reconocimientos como la Insignia de Oro de la Villa de Pina de Ebro (1995), la Cruz de la Orden Civil de Alfonso X el Sabio (1996), el Premio Medio Ambiente de Arag\u00f3n (2004), el Premio Jaul\u00edn en Defensa de la Naturaleza (1994, 2010) y, especialmente, en el reconocimiento que con motivo de su jubilaci\u00f3n y de la mano de la comunidad educativa de su colegio y el Ayuntamiento, supuso el poner el nombre de \u2018Parque Javier Blasco Zumeta\u2019 a un parque de Pina de Ebro.<\/p>\n<\/div><\/div>\n<\/div><\/div>\n\n\n\n<div class=\"wp-block-media-text alignfull has-media-on-the-right is-stacked-on-mobile is-vertically-aligned-center intro_image has-black-color has-white-background-color has-text-color has-background\" style=\"grid-template-columns:auto 27%\"><div class=\"wp-block-media-text__content\">\n<div class=\"wp-block-group\" style=\"padding-top:0em;padding-right:2em;padding-bottom:0em;padding-left:2em\"><div class=\"wp-block-group__inner-container is-layout-flow wp-block-group-is-layout-flow\">\n<h2 class=\"wp-block-heading has-black-color has-text-color\">Sobre Gerd-Michael Heinze<\/h2>\n\n\n\n<p>Gerd-Michael Heinze (Wolfsburgo, 1959) es un experto ornit\u00f3logo alem\u00e1n de la regi\u00f3n de Baja Sajonia. A trav\u00e9s de un foro de anilladores europeos, Gerd ayud\u00f3 a Javier con unas dudas sobre la muda de los cormoranes en 2006 y desde entonces han trabajado juntos en la determinaci\u00f3n del sexo, la edad y el estudio del plumaje de las aves, completando esta gu\u00eda de referencia.<\/p>\n\n\n\n<p>Gerd trabaja desde principios de la d\u00e9cada de 1990 en la Agencia de Gesti\u00f3n del Agua, Protecci\u00f3n Costera y Conservaci\u00f3n de la Naturaleza de Baja Sajonia, Centro de Conservaci\u00f3n de la Naturaleza del Estuario del Elba. Es responsable de la protecci\u00f3n y gesti\u00f3n de especies y biotopos en grandes espacios Natura 2000 donde tambi\u00e9n promueve el turismo de naturaleza y su pasi\u00f3n por las aves a trav\u00e9s de conferencias y excursiones.<\/p>\n\n\n\n<p>Desde la d\u00e9cada de los 80, sus intereses ornitol\u00f3gicos son la observaci\u00f3n de campo, el anillamiento, el registro y la distribuci\u00f3n de aves nidificantes y migratorias. Sus principales pasiones son las &#8220;especies hermanas&#8221;, las aves lim\u00edcolas, las rapaces y los b\u00fahos.<\/p>\n\n\n\n<p>Desde la d\u00e9cada de los 70, Gerd se especializ\u00f3 en la determinaci\u00f3n de aves en base a plumas y restos de aves, cre\u00f3 una colecci\u00f3n de plumas para comparar y colabora en diferentes proyectos de identificaci\u00f3n de plumas.<\/p>\n\n\n\n<p>Adem\u00e1s de las aves, se dedica a la entomolog\u00eda (especialmente mariposas, lib\u00e9lulas y saltamontes) y herpetolog\u00eda.<\/p>\n<\/div><\/div>\n<\/div><figure class=\"wp-block-media-text__media\"><img loading=\"lazy\" decoding=\"async\" width=\"740\" height=\"1024\" src=\"http:\/\/3.66.156.246\/wp-content\/uploads\/2022\/10\/Gerd-20210820_112701-740x1024.jpg\" alt=\"\" class=\"wp-image-662 size-full\" srcset=\"https:\/\/blascozumeta.wimbitek.com\/wp-content\/uploads\/2022\/10\/Gerd-20210820_112701-740x1024.jpg 740w, https:\/\/blascozumeta.wimbitek.com\/wp-content\/uploads\/2022\/10\/Gerd-20210820_112701-217x300.jpg 217w, https:\/\/blascozumeta.wimbitek.com\/wp-content\/uploads\/2022\/10\/Gerd-20210820_112701-768x1063.jpg 768w, https:\/\/blascozumeta.wimbitek.com\/wp-content\/uploads\/2022\/10\/Gerd-20210820_112701.jpg 867w\" sizes=\"auto, (max-width: 740px) 100vw, 740px\" \/><\/figure><\/div>\n\n\n\n<div class=\"wp-block-media-text alignfull is-stacked-on-mobile is-vertically-aligned-center intro_image has-black-color has-text-color has-background\" style=\"background-color:#8dbb27;grid-template-columns:45% auto\"><figure class=\"wp-block-media-text__media\"><img loading=\"lazy\" decoding=\"async\" width=\"1024\" height=\"683\" src=\"http:\/\/blascozumeta.com\/wp-content\/uploads\/2022\/07\/8V8A6520-1024x683.jpg\" alt=\"\" class=\"wp-image-544 size-full\" srcset=\"https:\/\/blascozumeta.wimbitek.com\/wp-content\/uploads\/2022\/07\/8V8A6520-1024x683.jpg 1024w, https:\/\/blascozumeta.wimbitek.com\/wp-content\/uploads\/2022\/07\/8V8A6520-300x200.jpg 300w, https:\/\/blascozumeta.wimbitek.com\/wp-content\/uploads\/2022\/07\/8V8A6520-768x512.jpg 768w, https:\/\/blascozumeta.wimbitek.com\/wp-content\/uploads\/2022\/07\/8V8A6520-1536x1024.jpg 1536w, https:\/\/blascozumeta.wimbitek.com\/wp-content\/uploads\/2022\/07\/8V8A6520-2048x1365.jpg 2048w\" sizes=\"auto, (max-width: 1024px) 100vw, 1024px\" \/><\/figure><div class=\"wp-block-media-text__content\">\n<div class=\"wp-block-group\" style=\"padding-right:1.99em;padding-left:2em\"><div class=\"wp-block-group__inner-container is-layout-constrained wp-container-core-group-is-layout-4eedcd23 wp-block-group-is-layout-constrained\">\n<h2 class=\"wp-block-heading\"><strong>Agradecimientos<\/strong><\/h2>\n\n\n\n<p>Muchas personas han ayudado aportando fotograf\u00edas, haciendo comentarios o ayudando en la captura de ejemplares para ser fotografiados. Gracias, de verdad, a Jos\u00e9 Miguel Abenia, Gonzalo Agudo, Eduardo Albaiceta, Juan Carlos Albero, Manuel Alc\u00e1ntara, Javier Alc\u00f3n, Jos\u00e9 Antonio Alfranca, Eduardo Amengual, Manolo Andr\u00e9s Moreno, Adolfo Arag\u00fc\u00e9s, Fernando Arranz, Joan Aymerich, Raul Aymi, Eva Banda, Jordi Baucells, Jose Beneito Montagut, Luis Besc\u00f3s, David Bigas, Gerard Bota, Frank Bracko, Ursula Bryson, Alberto Bueno, Jos\u00e9 Mar\u00eda Canudo, Miguel \u00c1ngel Carrero, Manuel Castillo, Daniel Cazo, F\u00e9lix Compaired, Fernando Contel, Alejandro Corregidor, Miguel de Gabriel Hernando, Sergio de Juan, Manuel de la Riva, Javier Elorriaga, Daniel Enfedaque, Conchi Escanilla Us\u00f3n, Pedro Escart\u00edn, FAB (Fondo de Amigos del Buitre), Juan Fern\u00e1ndez Gil, Juan Carlos Fern\u00e1ndez-Ord\u00f3\u00f1ez, Alex Fonollosa, Marlis Forcher, Klaus Dietrich Finczynski, Laura Fortu\u00f1o Aixendri, Miquel Angel Franch Casanova, Uge Fuertes Sanz; \u00c1lvaro Gaj\u00f3n Baz\u00e1n, Manuel Gal\u00e1n, Lluis Garc\u00eda (Restauran l\u2019Estany), Gabriel Gargallo, Jordi G\u00f3mez, Rafael Gonz\u00e1lez de Lucas, Javier Gonzalvo, \u00d3scar Gordo, Arnau Guardia Povedano, Ricard Guti\u00e9rrez, \u00d3scar Guti\u00e9rrez, Juan Carlos Hidalgo Garc\u00eda, Magnus Hellstr\u00f6m, Esteban Hern\u00e1ndez San Rom\u00e1n, Marc Illa, Pere Josa, Ondrej Kauzal, Hansj\u00f6rg Lauermann, Jes\u00fas Mari Lekuona, Miguel \u00c1ngel Let\u00f3n, Joaqu\u00edn L\u00f3pez Pardo, Rafael L\u00f3pez Vidal, Guillermo L\u00f3pez Zamora, Ralph -G.\u00a0 L\u00f6sekrug, Javier Lucientes, Ariele Magnani, Xavier Marco, Miguel \u00c1ngel Mart\u00edn Arnau, Jos\u00e9 Antonio Mart\u00ednez, David Mazuelas, Juan Luis Mu\u00f1oz, Jos\u00e9 Ignacio Oc\u00e1riz, Alejandro Onrubia, Ottenby Bird Observatory, Parc Natural del Delta de l\u2019Ebre (Departament de Medi Ambient i Habitatge, Generalitat de Catalunya), Nerea Pagaldai, Carlos P\u00e9rez Laborda, Adolfo P\u00e9rez, Jos\u00e9 Antonio Pinzolas, C\u00e9sar Pi\u00f1ol, Alberto Plata, Francesc Pociello, Pia R\u00e4nn\u00e4nen, Dietrich Ristow, Jos\u00e9 Luis Rivas, Domingo Rivera, Isabel Roa, Rub\u00e9n Rodr\u00edguez Olivares, Lidia Roncero, Rafael S\u00e1nchez, Javier Sanz, Juan Carlos Senar, David Serrano, Serveis Territorials a Lleida (Departament de Medi Ambient i Habitatge, Generalitat de Catalunya), Jos\u00e9 Luis Tella, Paulo Tenreiro, Antonio Torrijo, Sergi Turmo, Vincent van der Spek, Francesc Vidal i Esquerr\u00e9, Diego Villan\u00faa, Pedro Villanueva, Eduard Villar Leonard, Matthias V\u00f6geli, Reinhard Vohwinkel, Carlos Xamani, Esther Yera e \u00cd\u00f1igo Zuberogoitia.<\/p>\n\n\n\n<p>Y especialmente al Centre de Fauna de Vallcalent (Lleida), sin cuya colaboraci\u00f3n no hubiese sido posible gran parte de este trabajo.<\/p>\n<\/div><\/div>\n<\/div><\/div>\n","protected":false},"excerpt":{"rendered":"","protected":false},"author":2,"featured_media":212,"parent":0,"menu_order":0,"comment_status":"closed","ping_status":"closed","template":"","meta":{"footnotes":""},"class_list":["post-258","page","type-page","status-publish","has-post-thumbnail","hentry"],"_links":{"self":[{"href":"https:\/\/blascozumeta.wimbitek.com\/index.php?rest_route=\/wp\/v2\/pages\/258","targetHints":{"allow":["GET"]}}],"collection":[{"href":"https:\/\/blascozumeta.wimbitek.com\/index.php?rest_route=\/wp\/v2\/pages"}],"about":[{"href":"https:\/\/blascozumeta.wimbitek.com\/index.php?rest_route=\/wp\/v2\/types\/page"}],"author":[{"embeddable":true,"href":"https:\/\/blascozumeta.wimbitek.com\/index.php?rest_route=\/wp\/v2\/users\/2"}],"replies":[{"embeddable":true,"href":"https:\/\/blascozumeta.wimbitek.com\/index.php?rest_route=%2Fwp%2Fv2%2Fcomments&post=258"}],"version-history":[{"count":75,"href":"https:\/\/blascozumeta.wimbitek.com\/index.php?rest_route=\/wp\/v2\/pages\/258\/revisions"}],"predecessor-version":[{"id":1068,"href":"https:\/\/blascozumeta.wimbitek.com\/index.php?rest_route=\/wp\/v2\/pages\/258\/revisions\/1068"}],"wp:featuredmedia":[{"embeddable":true,"href":"https:\/\/blascozumeta.wimbitek.com\/index.php?rest_route=\/wp\/v2\/media\/212"}],"wp:attachment":[{"href":"https:\/\/blascozumeta.wimbitek.com\/index.php?rest_route=%2Fwp%2Fv2%2Fmedia&parent=258"}],"curies":[{"name":"wp","href":"https:\/\/api.w.org\/{rel}","templated":true}]}}