{"id":23,"date":"2022-06-24T09:46:33","date_gmt":"2022-06-24T09:46:33","guid":{"rendered":"http:\/\/3.66.156.246\/?page_id=23"},"modified":"2022-07-22T12:47:20","modified_gmt":"2022-07-22T12:47:20","slug":"glosario","status":"publish","type":"page","link":"https:\/\/blascozumeta.wimbitek.com\/?page_id=23","title":{"rendered":"Glosario"},"content":{"rendered":"\n<figure class=\"wp-block-table container-fluid\"><table><tbody><tr><td>\r\n<style>\r\ntd, th {\r\n    color: black !important;\r\n    border-bottom-width: 0px !important;\r\n}\r\nth {\r\n\tfont-size: 20px;\r\n\tfont-weight: 400px;\r\n}\r\ntd {\r\n\tfont-size: 16px;\r\n}\r\nh2 {\r\n\tmargin: 0 0 0 0;\r\n}\r\n.card-body {\r\n\tpadding: 10px;\r\n}\r\nbr {\r\n  content: \"\";\r\n  margin: 7px;\r\n  display: block;\r\n  font-size: 24%;\r\n}\r\n<\/style>\r\n\r\n<div class=\"card\" style=\"margin: 0px 0px 0px 0px; border: 1px solid #8DBB27; background: rgba(141, 187, 39, 0.05);\">\r\n\t<div class=\"card-body\">\r\n\t\t<div class=\"card-text\">\r\n\r\n\t\t\t<table class=\"panel_specie table table-striped\" style=\"border-collapse: collapse; border: 0px;\">\r\n\r\n\t\t\t\r\n\t\t\t\t<tr style=\"min-height: 60px;\">\r\n\t\t\t\t\t<td style=\"padding: 10px\"><b>Adulto<\/b><\/td>\r\n\t\t\t\t\t<td style=\"padding: 10px\">ejemplar con el plumaje maduro y definitivo y del que no es posible datar el a\u00f1o exacto de nacimiento con seguridad<\/td>\r\n\t\t\t\t<\/tr>\r\n\r\n\t\t\t\r\n\t\t\t\t<tr style=\"min-height: 60px;\">\r\n\t\t\t\t\t<td style=\"padding: 10px\"><b>\u00c1lula<\/b><\/td>\r\n\t\t\t\t\t<td style=\"padding: 10px\">plumas muy peque\u00f1as del ala, generalmente tres, que se encuentran en el v\u00e9rtice flexor.<\/td>\r\n\t\t\t\t<\/tr>\r\n\r\n\t\t\t\r\n\t\t\t\t<tr style=\"min-height: 60px;\">\r\n\t\t\t\t\t<td style=\"padding: 10px\"><b>Anillo ocular<\/b><\/td>\r\n\t\t\t\t\t<td style=\"padding: 10px\">reborde carnoso, generalmente coloreado, alrededor del ojo.<\/td>\r\n\t\t\t\t<\/tr>\r\n\r\n\t\t\t\r\n\t\t\t\t<tr style=\"min-height: 60px;\">\r\n\t\t\t\t\t<td style=\"padding: 10px\"><b>Barba<\/b><\/td>\r\n\t\t\t\t\t<td style=\"padding: 10px\">parte filamentosa de la pluma que se encuentran a ambos lados del raquis (eje central de la pluma).<\/td>\r\n\t\t\t\t<\/tr>\r\n\r\n\t\t\t\r\n\t\t\t\t<tr style=\"min-height: 60px;\">\r\n\t\t\t\t\t<td style=\"padding: 10px\"><b>Bigote, bigotera<\/b><\/td>\r\n\t\t\t\t\t<td style=\"padding: 10px\">dise\u00f1o de las plumas formando un dibujo que, naciendo en la base del pico, simula un \"bigote\".<\/td>\r\n\t\t\t\t<\/tr>\r\n\r\n\t\t\t\r\n\t\t\t\t<tr style=\"min-height: 60px;\">\r\n\t\t\t\t\t<td style=\"padding: 10px\"><b>Carpal<\/b><\/td>\r\n\t\t\t\t\t<td style=\"padding: 10px\">pluma del ala que se encuentra entre las grandes coberteras y las plumas del \u00e1lula.<\/td>\r\n\t\t\t\t<\/tr>\r\n\r\n\t\t\t\r\n\t\t\t\t<tr style=\"min-height: 60px;\">\r\n\t\t\t\t\t<td style=\"padding: 10px\"><b>Cera<\/b><\/td>\r\n\t\t\t\t\t<td style=\"padding: 10px\">parte carnosa de la base del pico superior; est\u00c3\u00a1 frecuentemente coloreada en aves adultas y en periodo nupcial.<\/td>\r\n\t\t\t\t<\/tr>\r\n\r\n\t\t\t\r\n\t\t\t\t<tr style=\"min-height: 60px;\">\r\n\t\t\t\t\t<td style=\"padding: 10px\"><b>Coberteras alares<\/b><\/td>\r\n\t\t\t\t\t<td style=\"padding: 10px\">plumas peque\u00f1as que cubren el ala.<\/td>\r\n\t\t\t\t<\/tr>\r\n\r\n\t\t\t\r\n\t\t\t\t<tr style=\"min-height: 60px;\">\r\n\t\t\t\t\t<td style=\"padding: 10px\"><b>Coberteras primarias<\/b><\/td>\r\n\t\t\t\t\t<td style=\"padding: 10px\">plumas del ala que se encuentran encima de las primarias.<\/td>\r\n\t\t\t\t<\/tr>\r\n\r\n\t\t\t\r\n\t\t\t\t<tr style=\"min-height: 60px;\">\r\n\t\t\t\t\t<td style=\"padding: 10px\"><b>Emarginaci\u00f3n<\/b><\/td>\r\n\t\t\t\t\t<td style=\"padding: 10px\">hendidura en la barba externa de una pluma.<\/td>\r\n\t\t\t\t<\/tr>\r\n\r\n\t\t\t\r\n\t\t\t\t<tr style=\"min-height: 60px;\">\r\n\t\t\t\t\t<td style=\"padding: 10px\"><b>Escapulares<\/b><\/td>\r\n\t\t\t\t\t<td style=\"padding: 10px\">plumas de los hombros.<\/td>\r\n\t\t\t\t<\/tr>\r\n\r\n\t\t\t\r\n\t\t\t\t<tr style=\"min-height: 60px;\">\r\n\t\t\t\t\t<td style=\"padding: 10px\"><b>Espejuelo<\/b><\/td>\r\n\t\t\t\t\t<td style=\"padding: 10px\">dise\u00f1o coloreado que algunos patos tienen en el centro del ala.<\/td>\r\n\t\t\t\t<\/tr>\r\n\r\n\t\t\t\r\n\t\t\t\t<tr style=\"min-height: 60px;\">\r\n\t\t\t\t\t<td style=\"padding: 10px\"><b>Grandes coberteras<\/b><\/td>\r\n\t\t\t\t\t<td style=\"padding: 10px\">plumas del ala que se encuentran encima de las secundarias.<\/td>\r\n\t\t\t\t<\/tr>\r\n\r\n\t\t\t\r\n\t\t\t\t<tr style=\"min-height: 60px;\">\r\n\t\t\t\t\t<td style=\"padding: 10px\"><b>Hemibandera<\/b><\/td>\r\n\t\t\t\t\t<td style=\"padding: 10px\">porci\u00c3\u00b3n de la pluma situada a un lado del raquis.<\/td>\r\n\t\t\t\t<\/tr>\r\n\r\n\t\t\t\r\n\t\t\t\t<tr style=\"min-height: 60px;\">\r\n\t\t\t\t\t<td style=\"padding: 10px\"><b>Infracoberteras de la cola (caudales)<\/b><\/td>\r\n\t\t\t\t\t<td style=\"padding: 10px\">plumas que cubren, en su reverso, las rectrices o plumas de la cola.<\/td>\r\n\t\t\t\t<\/tr>\r\n\r\n\t\t\t\r\n\t\t\t\t<tr style=\"min-height: 60px;\">\r\n\t\t\t\t\t<td style=\"padding: 10px\"><b>Infracoberteras del ala (alares)<\/b><\/td>\r\n\t\t\t\t\t<td style=\"padding: 10px\">plumas coberteras del reverso del ala.<\/td>\r\n\t\t\t\t<\/tr>\r\n\r\n\t\t\t\r\n\t\t\t\t<tr style=\"min-height: 60px;\">\r\n\t\t\t\t\t<td style=\"padding: 10px\"><b>Juvenil<\/b><\/td>\r\n\t\t\t\t\t<td style=\"padding: 10px\">ave con el primer plumaje, hasta que tiene su primera muda.<\/td>\r\n\t\t\t\t<\/tr>\r\n\r\n\t\t\t\r\n\t\t\t\t<tr style=\"min-height: 60px;\">\r\n\t\t\t\t\t<td style=\"padding: 10px\"><b>Medianas coberteras<\/b><\/td>\r\n\t\t\t\t\t<td style=\"padding: 10px\">plumas coberteras que se encuentran en el centro del ala, entre las grandes coberteras y las peque\u00c3\u00b1as coberteras.<\/td>\r\n\t\t\t\t<\/tr>\r\n\r\n\t\t\t\r\n\t\t\t\t<tr style=\"min-height: 60px;\">\r\n\t\t\t\t\t<td style=\"padding: 10px\"><b>Muda<\/b><\/td>\r\n\t\t\t\t\t<td style=\"padding: 10px\">cambio del plumaje mediante p\u00c3\u00a9rdida y reposici\u00f3n de las plumas; la forma en que tiene lugar la muda del plumaje var\u00eda entre unas especies y otras e incluso, en una misma especie, entre diferente clase de edad.<\/td>\r\n\t\t\t\t<\/tr>\r\n\r\n\t\t\t\r\n\t\t\t\t<tr style=\"min-height: 60px;\">\r\n\t\t\t\t\t<td style=\"padding: 10px\"><b>Muda completa<\/b><\/td>\r\n\t\t\t\t\t<td style=\"padding: 10px\">cambio de todas las plumas del cuerpo, cola y alas.<\/td>\r\n\t\t\t\t<\/tr>\r\n\r\n\t\t\t\r\n\t\t\t\t<tr style=\"min-height: 60px;\">\r\n\t\t\t\t\t<td style=\"padding: 10px\"><b>Muda interrumpida<\/b><\/td>\r\n\t\t\t\t\t<td style=\"padding: 10px\">la muda se detiene antes de que se complete y ya no se reanuda m\u00e1s tarde. Por lo tanto, el resto de las plumas no mudadas se cambiar\u00e1n en la siguiente muda completa.<\/td>\r\n\t\t\t\t<\/tr>\r\n\r\n\t\t\t\r\n\t\t\t\t<tr style=\"min-height: 60px;\">\r\n\t\t\t\t\t<td style=\"padding: 10px\"><b>Muda parcial<\/b><\/td>\r\n\t\t\t\t\t<td style=\"padding: 10px\">deja sin cambiar alguna pluma en el cuerpo, la cola o las alas.<\/td>\r\n\t\t\t\t<\/tr>\r\n\r\n\t\t\t\r\n\t\t\t\t<tr style=\"min-height: 60px;\">\r\n\t\t\t\t\t<td style=\"padding: 10px\"><b>Muda postjuvenil<\/b><\/td>\r\n\t\t\t\t\t<td style=\"padding: 10px\">primera muda donde se pierde todo o parte del plumaje juvenil.<\/td>\r\n\t\t\t\t<\/tr>\r\n\r\n\t\t\t\r\n\t\t\t\t<tr style=\"min-height: 60px;\">\r\n\t\t\t\t\t<td style=\"padding: 10px\"><b>Muda postnupcial<\/b><\/td>\r\n\t\t\t\t\t<td style=\"padding: 10px\">muda que tiene lugar despu\u00e9s de la \u00e9poca de reproducci\u00f3n.<\/td>\r\n\t\t\t\t<\/tr>\r\n\r\n\t\t\t\r\n\t\t\t\t<tr style=\"min-height: 60px;\">\r\n\t\t\t\t\t<td style=\"padding: 10px\"><b>Muda prenupcial<\/b><\/td>\r\n\t\t\t\t\t<td style=\"padding: 10px\">muda que tiene lugar a finales de invierno, antes de la \u00e9poca de reproducci\u00f3n; algunas especies adquieren el plumaje nupcial.<\/td>\r\n\t\t\t\t<\/tr>\r\n\r\n\t\t\t\r\n\t\t\t\t<tr style=\"min-height: 60px;\">\r\n\t\t\t\t\t<td style=\"padding: 10px\"><b>Muda suspendida<\/b><\/td>\r\n\t\t\t\t\t<td style=\"padding: 10px\">la muda se suspende (normalmente debido a la migraci\u00f3n) antes de completarse, pero posteriormente se reanuda desde el punto de suspensi\u00f3n, tras la llegada a las \u00e1reas de invernada o reproducci\u00f3n.<\/td>\r\n\t\t\t\t<\/tr>\r\n\r\n\t\t\t\r\n\t\t\t\t<tr style=\"min-height: 60px;\">\r\n\t\t\t\t\t<td style=\"padding: 10px\"><b>Obispillo<\/b><\/td>\r\n\t\t\t\t\t<td style=\"padding: 10px\">plumas de la rabadilla, al final del dorso y encima de la cola.<\/td>\r\n\t\t\t\t<\/tr>\r\n\r\n\t\t\t\r\n\t\t\t\t<tr style=\"min-height: 60px;\">\r\n\t\t\t\t\t<td style=\"padding: 10px\"><b>Oto\u00c3\u00b1o<\/b><\/td>\r\n\t\t\t\t\t<td style=\"padding: 10px\">en sentido amplio, periodo del a\u00f1o que va desde la finalizaci\u00f3n de la muda hasta el 31 de diciembre.<\/td>\r\n\t\t\t\t<\/tr>\r\n\r\n\t\t\t\r\n\t\t\t\t<tr style=\"min-height: 60px;\">\r\n\t\t\t\t\t<td style=\"padding: 10px\"><b>Peque\u00f1as coberteras<\/b><\/td>\r\n\t\t\t\t\t<td style=\"padding: 10px\">plumas coberteras que se encuentran en la parte superior del ala, encima de las medianas coberteras.<\/td>\r\n\t\t\t\t<\/tr>\r\n\r\n\t\t\t\r\n\t\t\t\t<tr style=\"min-height: 60px;\">\r\n\t\t\t\t\t<td style=\"padding: 10px\"><b>P\u00edleo<\/b><\/td>\r\n\t\t\t\t\t<td style=\"padding: 10px\">parte superior de la cabeza.<\/td>\r\n\t\t\t\t<\/tr>\r\n\r\n\t\t\t\r\n\t\t\t\t<tr style=\"min-height: 60px;\">\r\n\t\t\t\t\t<td style=\"padding: 10px\"><b>Plumaje de eclipse<\/b><\/td>\r\n\t\t\t\t\t<td style=\"padding: 10px\">en los patos, plumaje poco llamativo, similar al de las hembras, que adquieren los machos despu\u00e9s de la nidificaci\u00f3n<\/td>\r\n\t\t\t\t<\/tr>\r\n\r\n\t\t\t\r\n\t\t\t\t<tr style=\"min-height: 60px;\">\r\n\t\t\t\t\t<td style=\"padding: 10px\"><b>Plumaje invernal<\/b><\/td>\r\n\t\t\t\t\t<td style=\"padding: 10px\">que algunas especies adquieren en periodo no reproductor, generalmente poco llamativo<\/td>\r\n\t\t\t\t<\/tr>\r\n\r\n\t\t\t\r\n\t\t\t\t<tr style=\"min-height: 60px;\">\r\n\t\t\t\t\t<td style=\"padding: 10px\"><b>Plumas de vuelo<\/b><\/td>\r\n\t\t\t\t\t<td style=\"padding: 10px\">grandes del ala, divididas en primarias, secundarias y terciarias.<\/td>\r\n\t\t\t\t<\/tr>\r\n\r\n\t\t\t\r\n\t\t\t\t<tr style=\"min-height: 60px;\">\r\n\t\t\t\t\t<td style=\"padding: 10px\"><b>Plumas retenidas<\/b><\/td>\r\n\t\t\t\t\t<td style=\"padding: 10px\">plumas que no se han cambiado despu\u00e9s de una muda.<\/td>\r\n\t\t\t\t<\/tr>\r\n\r\n\t\t\t\r\n\t\t\t\t<tr style=\"min-height: 60px;\">\r\n\t\t\t\t\t<td style=\"padding: 10px\"><b>Pollo<\/b><\/td>\r\n\t\t\t\t\t<td style=\"padding: 10px\">ave en el periodo que va desde su eclosi\u00f3n del huevo hasta adquirir su primer plumaje completo.<\/td>\r\n\t\t\t\t<\/tr>\r\n\r\n\t\t\t\r\n\t\t\t\t<tr style=\"min-height: 60px;\">\r\n\t\t\t\t\t<td style=\"padding: 10px\"><b>Primarias<\/b><\/td>\r\n\t\t\t\t\t<td style=\"padding: 10px\">plumas de vuelo m\u00e1s largas del ala, situadas en la parte exterior.<\/td>\r\n\t\t\t\t<\/tr>\r\n\r\n\t\t\t\r\n\t\t\t\t<tr style=\"min-height: 60px;\">\r\n\t\t\t\t\t<td style=\"padding: 10px\"><b>Primavera<\/b><\/td>\r\n\t\t\t\t\t<td style=\"padding: 10px\">en sentido amplio, periodo del a\u00f1o que va desde el 1 de enero hasta la finalizaci\u00f3n de la muda.<\/td>\r\n\t\t\t\t<\/tr>\r\n\r\n\t\t\t\r\n\t\t\t\t<tr style=\"min-height: 60px;\">\r\n\t\t\t\t\t<td style=\"padding: 10px\"><b>Primer a\u00f1o<\/b><\/td>\r\n\t\t\t\t\t<td style=\"padding: 10px\">ave de la que se sabe con seguridad que se halla en su primer a\u00f1o de vida; este periodo termina el 31 de diciembre.<\/td>\r\n\t\t\t\t<\/tr>\r\n\r\n\t\t\t\r\n\t\t\t\t<tr style=\"min-height: 60px;\">\r\n\t\t\t\t\t<td style=\"padding: 10px\"><b>Primer a\u00f1o oto\u00f1o<\/b><\/td>\r\n\t\t\t\t\t<td style=\"padding: 10px\">ave en su primer a\u00f1o de vida, en el periodo comprendido entre su muda postjuvenil y el 31 de diciembre.<\/td>\r\n\t\t\t\t<\/tr>\r\n\r\n\t\t\t\r\n\t\t\t\t<tr style=\"min-height: 60px;\">\r\n\t\t\t\t\t<td style=\"padding: 10px\"><b>Raquis<\/b><\/td>\r\n\t\t\t\t\t<td style=\"padding: 10px\">eje central de la pluma de donde arrancan las barbas.<\/td>\r\n\t\t\t\t<\/tr>\r\n\r\n\t\t\t\r\n\t\t\t\t<tr style=\"min-height: 60px;\">\r\n\t\t\t\t\t<td style=\"padding: 10px\"><b>Rectrices<\/b><\/td>\r\n\t\t\t\t\t<td style=\"padding: 10px\">plumas de la cola.<\/td>\r\n\t\t\t\t<\/tr>\r\n\r\n\t\t\t\r\n\t\t\t\t<tr style=\"min-height: 60px;\">\r\n\t\t\t\t\t<td style=\"padding: 10px\"><b>Secundarias<\/b><\/td>\r\n\t\t\t\t\t<td style=\"padding: 10px\">plumas de vuelo del ala, situadas en la parte central.<\/td>\r\n\t\t\t\t<\/tr>\r\n\r\n\t\t\t\r\n\t\t\t\t<tr style=\"min-height: 60px;\">\r\n\t\t\t\t\t<td style=\"padding: 10px\"><b>Segundo a\u00f1o<\/b><\/td>\r\n\t\t\t\t\t<td style=\"padding: 10px\">ave de la que se sabe con seguridad que se halla en su segundo a\u00f1o de vida: este periodo comienza el 1 de enero.<\/td>\r\n\t\t\t\t<\/tr>\r\n\r\n\t\t\t\r\n\t\t\t\t<tr style=\"min-height: 60px;\">\r\n\t\t\t\t\t<td style=\"padding: 10px\"><b>Segundo a\u00f1o oto\u00f1o<\/b><\/td>\r\n\t\t\t\t\t<td style=\"padding: 10px\">ave en su segundo a\u00f1o de vida, en el periodo comprendido entre su muda y el 31 de diciembre.<\/td>\r\n\t\t\t\t<\/tr>\r\n\r\n\t\t\t\r\n\t\t\t\t<tr style=\"min-height: 60px;\">\r\n\t\t\t\t\t<td style=\"padding: 10px\"><b>Segundo a\u00f1o primavera<\/b><\/td>\r\n\t\t\t\t\t<td style=\"padding: 10px\">ave en su segundo a\u00f1o de vida, en el periodo comprendido entre el 1 de enero y su muda.<\/td>\r\n\t\t\t\t<\/tr>\r\n\r\n\t\t\t\r\n\t\t\t\t<tr style=\"min-height: 60px;\">\r\n\t\t\t\t\t<td style=\"padding: 10px\"><b>Supracoberteras de la cola (caudales)<\/b><\/td>\r\n\t\t\t\t\t<td style=\"padding: 10px\">plumas que cubren el nacimiento de las rectrices o plumas de la cola.<\/td>\r\n\t\t\t\t<\/tr>\r\n\r\n\t\t\t\r\n\t\t\t\t<tr style=\"min-height: 60px;\">\r\n\t\t\t\t\t<td style=\"padding: 10px\"><b>Tercer a\u00f1o<\/b><\/td>\r\n\t\t\t\t\t<td style=\"padding: 10px\">ave de la que se sabe con seguridad que se halla en su tercer a\u00f1o de vida: este periodo comienza el 1 de enero.<\/td>\r\n\t\t\t\t<\/tr>\r\n\r\n\t\t\t\r\n\t\t\t\t<tr style=\"min-height: 60px;\">\r\n\t\t\t\t\t<td style=\"padding: 10px\"><b>Tercer a\u00f1o oto\u00f1o<\/b><\/td>\r\n\t\t\t\t\t<td style=\"padding: 10px\">ave en su tercer a\u00f1o de vida, en el periodo comprendido entre su muda y el 31 de diciembre.<\/td>\r\n\t\t\t\t<\/tr>\r\n\r\n\t\t\t\r\n\t\t\t\t<tr style=\"min-height: 60px;\">\r\n\t\t\t\t\t<td style=\"padding: 10px\"><b>Tercer a\u00f1o primavera<\/b><\/td>\r\n\t\t\t\t\t<td style=\"padding: 10px\">ave en su tercer a\u00f1o de vida, en el periodo comprendido entre el 1 de enero y su muda.<\/td>\r\n\t\t\t\t<\/tr>\r\n\r\n\t\t\t\r\n\t\t\t\t<tr style=\"min-height: 60px;\">\r\n\t\t\t\t\t<td style=\"padding: 10px\"><b>Terciarias<\/b><\/td>\r\n\t\t\t\t\t<td style=\"padding: 10px\">plumas de vuelo, en n\u00famero de tres, que se encuentran en la parte m\u00e1s interna del ala.<\/td>\r\n\t\t\t\t<\/tr>\r\n\r\n\t\t\t\r\n\t\t\t<\/table>\r\n\t\t\t\r\n\t\t<\/div>\r\n\t<\/div>\r\n<\/div><\/td><\/tr><\/tbody><\/table><\/figure>\n","protected":false},"excerpt":{"rendered":"","protected":false},"author":1,"featured_media":0,"parent":0,"menu_order":0,"comment_status":"closed","ping_status":"closed","template":"","meta":{"footnotes":""},"class_list":["post-23","page","type-page","status-publish","hentry"],"_links":{"self":[{"href":"https:\/\/blascozumeta.wimbitek.com\/index.php?rest_route=\/wp\/v2\/pages\/23","targetHints":{"allow":["GET"]}}],"collection":[{"href":"https:\/\/blascozumeta.wimbitek.com\/index.php?rest_route=\/wp\/v2\/pages"}],"about":[{"href":"https:\/\/blascozumeta.wimbitek.com\/index.php?rest_route=\/wp\/v2\/types\/page"}],"author":[{"embeddable":true,"href":"https:\/\/blascozumeta.wimbitek.com\/index.php?rest_route=\/wp\/v2\/users\/1"}],"replies":[{"embeddable":true,"href":"https:\/\/blascozumeta.wimbitek.com\/index.php?rest_route=%2Fwp%2Fv2%2Fcomments&post=23"}],"version-history":[{"count":5,"href":"https:\/\/blascozumeta.wimbitek.com\/index.php?rest_route=\/wp\/v2\/pages\/23\/revisions"}],"predecessor-version":[{"id":607,"href":"https:\/\/blascozumeta.wimbitek.com\/index.php?rest_route=\/wp\/v2\/pages\/23\/revisions\/607"}],"wp:attachment":[{"href":"https:\/\/blascozumeta.wimbitek.com\/index.php?rest_route=%2Fwp%2Fv2%2Fmedia&parent=23"}],"curies":[{"name":"wp","href":"https:\/\/api.w.org\/{rel}","templated":true}]}}