{"id":1054,"date":"2023-02-17T12:12:21","date_gmt":"2023-02-17T12:12:21","guid":{"rendered":"http:\/\/blascozumeta.com\/?page_id=1054"},"modified":"2023-02-17T12:18:11","modified_gmt":"2023-02-17T12:18:11","slug":"politica-de-privacidad","status":"publish","type":"page","link":"https:\/\/blascozumeta.wimbitek.com\/?page_id=1054","title":{"rendered":"Pol\u00edtica de privacidad"},"content":{"rendered":"\n<h1 class=\"wp-block-heading\" style=\"padding-top:var(--wp--preset--spacing--30);padding-right:var(--wp--preset--spacing--80);padding-bottom:var(--wp--preset--spacing--30);padding-left:var(--wp--preset--spacing--80)\">Pol\u00edtica de privacidad<\/h1>\n\n\n\n<h2 class=\"wp-block-heading\" style=\"padding-top:var(--wp--preset--spacing--30);padding-right:var(--wp--preset--spacing--80);padding-bottom:var(--wp--preset--spacing--30);padding-left:var(--wp--preset--spacing--80)\">Protecci\u00f3n de datos de car\u00e1cter personal<\/h2>\n\n\n\n<p style=\"padding-top:var(--wp--preset--spacing--30);padding-right:var(--wp--preset--spacing--80);padding-bottom:var(--wp--preset--spacing--30);padding-left:var(--wp--preset--spacing--80)\">En los casos en los que el usuario proporcionara a la Empresa ciertos datos de car\u00e1cter personal que la empresa podr\u00e1 administrar automatizadamente o no, por ello el titular de los datos autoriza expresamente a la Sociedad de Ciencias Aranzadi a tratar inform\u00e1ticamente los datos personales suscritos y a incorporarlos en su base de datos.<\/p>\n\n\n\n<p style=\"padding-top:var(--wp--preset--spacing--30);padding-right:var(--wp--preset--spacing--80);padding-bottom:var(--wp--preset--spacing--30);padding-left:var(--wp--preset--spacing--80)\">El titular tendr\u00e1 derecho a oponerse, acceder, rectificar y cancelar cuantos datos personales suyos existan almacenados en las bases de datos de la Sociedad de Ciencias Aranzadi.<\/p>\n\n\n\n<p style=\"padding-top:var(--wp--preset--spacing--30);padding-right:var(--wp--preset--spacing--80);padding-bottom:var(--wp--preset--spacing--30);padding-left:var(--wp--preset--spacing--80)\">Dichos derechos podr\u00e1n ser ejercitados a trav\u00e9s de cualquier medio de comunicaci\u00f3n con la Sociedad de Ciencias Aranzadi (Direcci\u00f3n: calle del Alto de Zorroaga n\u00ba 11 E-20014 Donostia \u2013 San Sebasti\u00e1n).<\/p>\n\n\n\n<p style=\"padding-top:var(--wp--preset--spacing--30);padding-right:var(--wp--preset--spacing--80);padding-bottom:var(--wp--preset--spacing--30);padding-left:var(--wp--preset--spacing--80)\">Asimismo, autoriza a la Sociedad de Ciencias Aranzadi a ceder los datos personales suscritos a terceras empresas cuya intervenci\u00f3n sea necesaria para satisfacer las necesidades anteriormente mencionadas.<\/p>\n\n\n\n<p style=\"padding-top:var(--wp--preset--spacing--30);padding-right:var(--wp--preset--spacing--80);padding-bottom:var(--wp--preset--spacing--30);padding-left:var(--wp--preset--spacing--80)\">Los datos personales est\u00e1n totalmente protegidos seg\u00fan la Ley Org\u00e1nica 15\/1999 de 13 de diciembre de Protecci\u00f3n de datos de car\u00e1cter personal.<\/p>\n\n\n\n<h2 class=\"wp-block-heading\" style=\"padding-top:var(--wp--preset--spacing--30);padding-right:var(--wp--preset--spacing--80);padding-bottom:var(--wp--preset--spacing--30);padding-left:var(--wp--preset--spacing--80)\">Legislaci\u00f3n aplicable<\/h2>\n\n\n\n<p style=\"padding-top:var(--wp--preset--spacing--30);padding-right:var(--wp--preset--spacing--80);padding-bottom:var(--wp--preset--spacing--30);padding-left:var(--wp--preset--spacing--80)\">El presente Aviso Legal y sus consecuencias se regir\u00e1n en todo caso por la legislaci\u00f3n espa\u00f1ola que est\u00e9 en vigor en cada<\/p>\n","protected":false},"excerpt":{"rendered":"<p>Pol\u00edtica de privacidad Protecci\u00f3n de datos de car\u00e1cter personal En los casos en los que el usuario proporcionara a la Empresa ciertos datos de car\u00e1cter personal que la empresa podr\u00e1 administrar automatizadamente o no, por ello el titular de los datos autoriza expresamente a la Sociedad de Ciencias Aranzadi a tratar inform\u00e1ticamente los datos personales &hellip;<\/p>\n","protected":false},"author":1,"featured_media":0,"parent":0,"menu_order":0,"comment_status":"closed","ping_status":"closed","template":"","meta":{"footnotes":""},"class_list":["post-1054","page","type-page","status-publish","hentry"],"_links":{"self":[{"href":"https:\/\/blascozumeta.wimbitek.com\/index.php?rest_route=\/wp\/v2\/pages\/1054","targetHints":{"allow":["GET"]}}],"collection":[{"href":"https:\/\/blascozumeta.wimbitek.com\/index.php?rest_route=\/wp\/v2\/pages"}],"about":[{"href":"https:\/\/blascozumeta.wimbitek.com\/index.php?rest_route=\/wp\/v2\/types\/page"}],"author":[{"embeddable":true,"href":"https:\/\/blascozumeta.wimbitek.com\/index.php?rest_route=\/wp\/v2\/users\/1"}],"replies":[{"embeddable":true,"href":"https:\/\/blascozumeta.wimbitek.com\/index.php?rest_route=%2Fwp%2Fv2%2Fcomments&post=1054"}],"version-history":[{"count":2,"href":"https:\/\/blascozumeta.wimbitek.com\/index.php?rest_route=\/wp\/v2\/pages\/1054\/revisions"}],"predecessor-version":[{"id":1061,"href":"https:\/\/blascozumeta.wimbitek.com\/index.php?rest_route=\/wp\/v2\/pages\/1054\/revisions\/1061"}],"wp:attachment":[{"href":"https:\/\/blascozumeta.wimbitek.com\/index.php?rest_route=%2Fwp%2Fv2%2Fmedia&parent=1054"}],"curies":[{"name":"wp","href":"https:\/\/api.w.org\/{rel}","templated":true}]}}