{"id":1010,"date":"2023-02-15T14:23:59","date_gmt":"2023-02-15T14:23:59","guid":{"rendered":"http:\/\/blascozumeta.com\/?page_id=1010"},"modified":"2023-02-16T15:47:57","modified_gmt":"2023-02-16T15:47:57","slug":"cookies","status":"publish","type":"page","link":"https:\/\/blascozumeta.wimbitek.com\/?page_id=1010","title":{"rendered":"Cookies"},"content":{"rendered":"\n<h2 class=\"has-text-align-center wp-block-heading\" style=\"padding-top:var(--wp--preset--spacing--30);padding-right:var(--wp--preset--spacing--80);padding-bottom:var(--wp--preset--spacing--30);padding-left:var(--wp--preset--spacing--80)\">Cookies<\/h2>\n\n\n\n<p style=\"padding-top:var(--wp--preset--spacing--30);padding-right:var(--wp--preset--spacing--80);padding-bottom:var(--wp--preset--spacing--30);padding-left:var(--wp--preset--spacing--80)\">La Web Gu\u00eda de identificaci\u00f3n de aves de Arag\u00f3n y Espa\u00f1a continental utiliza cookies, peque\u00f1os ficheros de datos que se generan en el ordenador del usuario y que intervienen como elementos de seguridad y de control de acceso a algunas \u00e1reas restringidas y para fines estad\u00edsticos de uso interno.<\/p>\n\n\n\n<p style=\"padding-top:var(--wp--preset--spacing--30);padding-right:var(--wp--preset--spacing--80);padding-bottom:var(--wp--preset--spacing--30);padding-left:var(--wp--preset--spacing--80)\">En ning\u00fan caso se utilizar\u00e1n las cookies para recoger informaci\u00f3n de car\u00e1cter personal.<\/p>\n\n\n\n<h3 class=\"wp-block-heading\" style=\"padding-top:var(--wp--preset--spacing--30);padding-right:var(--wp--preset--spacing--80);padding-bottom:var(--wp--preset--spacing--30);padding-left:var(--wp--preset--spacing--80)\">Cookies utilizados<\/h3>\n\n\n\n<figure class=\"wp-block-table is-style-stripes\" style=\"padding-top:var(--wp--preset--spacing--30);padding-right:var(--wp--preset--spacing--80);padding-bottom:var(--wp--preset--spacing--30);padding-left:var(--wp--preset--spacing--80)\"><table class=\"has-white-background-color has-background\"><thead><tr><th><strong>Tipo de cookie<\/strong><\/th><th><strong>Descripci\u00f3n \/ Finalidad<\/strong><\/th><th><strong>Terceros<\/strong><\/th><\/tr><\/thead><tbody><tr><td>pll_language<\/td><td>Se utiliza para guardar el idioma seleccionado por el usuario. Se caduca una vez que cierra el navegador.<\/td><td>NO<\/td><\/tr><\/tbody><\/table><\/figure>\n","protected":false},"excerpt":{"rendered":"<p>Cookies La Web Gu\u00eda de identificaci\u00f3n de aves de Arag\u00f3n y Espa\u00f1a continental utiliza cookies, peque\u00f1os ficheros de datos que se generan en el ordenador del usuario y que intervienen como elementos de seguridad y de control de acceso a algunas \u00e1reas restringidas y para fines estad\u00edsticos de uso interno. En ning\u00fan caso se utilizar\u00e1n &hellip;<\/p>\n","protected":false},"author":1,"featured_media":0,"parent":0,"menu_order":0,"comment_status":"closed","ping_status":"closed","template":"","meta":{"footnotes":""},"class_list":["post-1010","page","type-page","status-publish","hentry"],"_links":{"self":[{"href":"https:\/\/blascozumeta.wimbitek.com\/index.php?rest_route=\/wp\/v2\/pages\/1010","targetHints":{"allow":["GET"]}}],"collection":[{"href":"https:\/\/blascozumeta.wimbitek.com\/index.php?rest_route=\/wp\/v2\/pages"}],"about":[{"href":"https:\/\/blascozumeta.wimbitek.com\/index.php?rest_route=\/wp\/v2\/types\/page"}],"author":[{"embeddable":true,"href":"https:\/\/blascozumeta.wimbitek.com\/index.php?rest_route=\/wp\/v2\/users\/1"}],"replies":[{"embeddable":true,"href":"https:\/\/blascozumeta.wimbitek.com\/index.php?rest_route=%2Fwp%2Fv2%2Fcomments&post=1010"}],"version-history":[{"count":4,"href":"https:\/\/blascozumeta.wimbitek.com\/index.php?rest_route=\/wp\/v2\/pages\/1010\/revisions"}],"predecessor-version":[{"id":1025,"href":"https:\/\/blascozumeta.wimbitek.com\/index.php?rest_route=\/wp\/v2\/pages\/1010\/revisions\/1025"}],"wp:attachment":[{"href":"https:\/\/blascozumeta.wimbitek.com\/index.php?rest_route=%2Fwp%2Fv2%2Fmedia&parent=1010"}],"curies":[{"name":"wp","href":"https:\/\/api.w.org\/{rel}","templated":true}]}}