{"id":339,"date":"2022-07-06T14:37:07","date_gmt":"2022-07-06T14:37:07","guid":{"rendered":"http:\/\/3.66.156.246\/?page_id=339"},"modified":"2023-05-02T10:09:16","modified_gmt":"2023-05-02T10:09:16","slug":"introduction","status":"publish","type":"page","link":"http:\/\/blascozumeta.wimbitek.com\/?page_id=339&lang=en","title":{"rendered":"Introduction"},"content":{"rendered":"\n<div class=\"wp-block-cover alignfull is-light intro\" style=\"padding-top:40px;padding-right:40px;padding-bottom:40px;padding-left:40px;min-height:267px;aspect-ratio:unset;\"><span aria-hidden=\"true\" class=\"wp-block-cover__background has-background-dim-100 has-background-dim\" style=\"background-color:#8dbb27\"><\/span><div class=\"wp-block-cover__inner-container is-layout-flow wp-block-cover-is-layout-flow\">\n<h1 class=\"wp-block-heading alignfull has-text-align-center has-black-color has-text-color\" style=\"font-size:46px;font-style:normal;font-weight:600\">Gu\u00eda de identificaci\u00f3n de aves de Arag\u00f3n y Espa\u00f1a continental<\/h1>\n<\/div><\/div>\n\n\n\n<div class=\"wp-block-media-text alignfull has-media-on-the-right is-stacked-on-mobile is-vertically-aligned-center intro_image has-black-color has-white-background-color has-text-color has-background\" style=\"grid-template-columns:auto 40%\"><div class=\"wp-block-media-text__content\">\n<div class=\"wp-block-group\" style=\"padding-top:0em;padding-right:2em;padding-bottom:0em;padding-left:2em\"><div class=\"wp-block-group__inner-container is-layout-flow wp-block-group-is-layout-flow\">\n<h2 class=\"wp-block-heading has-black-color has-text-color\">Introduction<\/h2>\n\n\n\n<p>The identification of the age and sex of birds in hand constitutes one of the essential tasks that every ringer must face. In this context, Javier Blasco Zumeta, through his Bird Identification Atlas of Arag\u00f3n, has contributed like few others to build a tool that, today, is a reference in all Europe for ringers in particular, and ornithologists in general.<\/p>\n\n\n\n<p>To this unparalleled work, with thousands of hours of fieldwork, many kilometers traveled and countless time dedicated to documentation, study and consultations with experts from here and there, an additional economic effort must be added to maintain the internet site that allows a free consult of the Atlas. All this, financed from the author\u2019s family budget.<\/p>\n\n\n\n<p><\/p>\n\n\n\n<p><\/p>\n<\/div><\/div>\n<\/div><figure class=\"wp-block-media-text__media\"><img loading=\"lazy\" decoding=\"async\" width=\"1024\" height=\"683\" src=\"http:\/\/3.66.156.246\/wp-content\/uploads\/2022\/07\/8V8A5500-1024x683.jpg\" alt=\"\" class=\"wp-image-546 size-full\" srcset=\"http:\/\/blascozumeta.wimbitek.com\/wp-content\/uploads\/2022\/07\/8V8A5500-1024x683.jpg 1024w, http:\/\/blascozumeta.wimbitek.com\/wp-content\/uploads\/2022\/07\/8V8A5500-300x200.jpg 300w, http:\/\/blascozumeta.wimbitek.com\/wp-content\/uploads\/2022\/07\/8V8A5500-768x512.jpg 768w, http:\/\/blascozumeta.wimbitek.com\/wp-content\/uploads\/2022\/07\/8V8A5500-1536x1024.jpg 1536w, http:\/\/blascozumeta.wimbitek.com\/wp-content\/uploads\/2022\/07\/8V8A5500-2048x1365.jpg 2048w\" sizes=\"auto, (max-width: 1024px) 100vw, 1024px\" \/><\/figure><\/div>\n\n\n\n<div class=\"wp-block-media-text alignfull is-stacked-on-mobile intro_image has-black-color has-white-background-color has-text-color has-background\" style=\"grid-template-columns:40% auto\"><figure class=\"wp-block-media-text__media\"><img loading=\"lazy\" decoding=\"async\" width=\"1024\" height=\"683\" src=\"http:\/\/3.66.156.246\/wp-content\/uploads\/2022\/07\/8V8A9385-1024x683.jpg\" alt=\"\" class=\"wp-image-545 size-full\" srcset=\"http:\/\/blascozumeta.wimbitek.com\/wp-content\/uploads\/2022\/07\/8V8A9385-1024x683.jpg 1024w, http:\/\/blascozumeta.wimbitek.com\/wp-content\/uploads\/2022\/07\/8V8A9385-300x200.jpg 300w, http:\/\/blascozumeta.wimbitek.com\/wp-content\/uploads\/2022\/07\/8V8A9385-768x512.jpg 768w, http:\/\/blascozumeta.wimbitek.com\/wp-content\/uploads\/2022\/07\/8V8A9385-1536x1024.jpg 1536w, http:\/\/blascozumeta.wimbitek.com\/wp-content\/uploads\/2022\/07\/8V8A9385-2048x1365.jpg 2048w\" sizes=\"auto, (max-width: 1024px) 100vw, 1024px\" \/><\/figure><div class=\"wp-block-media-text__content\">\n<div class=\"wp-block-group\" style=\"padding-top:0em;padding-right:2em;padding-bottom:0em;padding-left:2em\"><div class=\"wp-block-group__inner-container is-layout-flow wp-block-group-is-layout-flow\">\n<p>Aware of the effort needed to keep the Atlas alive, Javier Blasco Zumeta and the Aranzadi Sciences Society, whose Ringing Scheme is proud to have him among its members, reached an agreement for the last to cover the costs of maintenance of the page and guarantee its long-term viability. This is why you can now find this new site, the \u2018Blasco-Zumeta Identification Guide of Birds of Arag\u00f3n and continental Spain\u2019. As you will see, the Guide respects the original work, updating it only in terms of stylistics and consolidating and guaranteeing the free access of its content for years to come.<\/p>\n\n\n\n<p>From the Ringing Scheme of the Aranzadi Sciences Society, we can no more than being very proud and grateful for the trust placed in us to keep the long-term viability of this legacy.<\/p>\n<\/div><\/div>\n<\/div><\/div>\n\n\n\n<div style=\"height:50px\" aria-hidden=\"true\" class=\"wp-block-spacer\"><\/div>\n\n\n\n<div class=\"wp-block-media-text alignfull has-media-on-the-right is-stacked-on-mobile is-vertically-aligned-center intro_image has-black-color has-text-color has-background\" style=\"background-color:#8dbb27;grid-template-columns:auto 40%\"><div class=\"wp-block-media-text__content\">\n<div class=\"wp-block-group\" style=\"padding-top:0em;padding-right:2em;padding-bottom:0em;padding-left:2em\"><div class=\"wp-block-group__inner-container is-layout-flow wp-block-group-is-layout-flow\">\n<h2 class=\"wp-block-heading has-black-color has-text-color\">About the Author<\/h2>\n\n\n\n<p>Javier Blasco Zumeta (Pina de Ebro, 1957) is a retired Primary School teacher and bird ringer since 1982, when the only tool available to identify birds in the hand was the first edition of the &#8216;Identification Guide of European Passerines&#8217;, by L. Svensson, in English. The arrival of the digital cameras and the possibilities of diffusion provided by internet, encouraged Javier to develop a visual guide which would allow the identification of the species, sex and age of the birds of Arag\u00f3n, thus substituting with images the so-commonly arid descriptions of birds plumages found in most identification guides used by ringers. This is how the Bird Identification Atlas of Arag\u00f3n was born, with the inestimable collaboration with Gerd-Michael Heinze, a German ornithologist expert in large birds of prey and waterfowl, with whom Javier established such a close collaboration that he must be considered as co-author of this work.<\/p>\n\n\n\n<p>As a vocational naturalist, Javier has been also involved in other initiatives which, overall, have contributed to the study and divulgation of the fauna and flora of Arag\u00f3n. For more than a decade, Javier coordinated an inventory of the fauna and flora of the steppes of the Ebro Valley. With a team comprising more than 100 specialists from around the world, more than 4,000 species were identified, with results that nobody expected in an environment that has been historically considered as degraded and without any value. These steppe landscapes hosted a biological richness and uniqueness that did not exist in other areas of Europe, with tens of new species and with relationships with the Asian steppes. The results of the project can be consulted in this <a href=\"https:\/\/monteriza.aranzadi.eus\/wp-content\/uploads\/retuerta\/Retuerta.pdf\" data-type=\"URL\" data-id=\"https:\/\/monteriza.aranzadi.eus\/wp-content\/uploads\/retuerta\/Retuerta.pdf\"><strong>link<\/strong><\/a>. Continuing with this naturalistic desire, Javier is currently developing another project to make educational files on the fauna and flora of his municipality, Pina de Ebro. What has already been done can be consulted at this <a href=\"http:\/\/www.monteriza.com\/\"><strong>l<\/strong><\/a><strong><a href=\"https:\/\/monteriza.aranzadi.eus\/\" data-type=\"URL\" data-id=\"https:\/\/monteriza.aranzadi.eus\/\">i<\/a><\/strong><a href=\"https:\/\/monteriza.aranzadi.eus\/\" data-type=\"URL\" data-id=\"https:\/\/monteriza.aranzadi.eus\/\"><strong>nk<\/strong><\/a>.<\/p>\n\n\n\n<p><\/p>\n<\/div><\/div>\n<\/div><figure class=\"wp-block-media-text__media\"><img loading=\"lazy\" decoding=\"async\" width=\"930\" height=\"868\" src=\"http:\/\/3.66.156.246\/wp-content\/uploads\/2022\/07\/FotoBlascoZumeta.jpg\" alt=\"\" class=\"wp-image-543 size-full\" srcset=\"http:\/\/blascozumeta.wimbitek.com\/wp-content\/uploads\/2022\/07\/FotoBlascoZumeta.jpg 930w, http:\/\/blascozumeta.wimbitek.com\/wp-content\/uploads\/2022\/07\/FotoBlascoZumeta-300x280.jpg 300w, http:\/\/blascozumeta.wimbitek.com\/wp-content\/uploads\/2022\/07\/FotoBlascoZumeta-768x717.jpg 768w\" sizes=\"auto, (max-width: 930px) 100vw, 930px\" \/><\/figure><\/div>\n\n\n\n<div class=\"wp-block-media-text alignfull is-stacked-on-mobile is-vertically-aligned-center intro_image has-black-color has-text-color has-background\" style=\"background-color:#8dbb27;grid-template-columns:40% auto\"><figure class=\"wp-block-media-text__media\"><img loading=\"lazy\" decoding=\"async\" width=\"1024\" height=\"683\" src=\"http:\/\/blascozumeta.com\/wp-content\/uploads\/2022\/07\/8V8A5995-1024x683.jpg\" alt=\"\" class=\"wp-image-590 size-full\" srcset=\"http:\/\/blascozumeta.wimbitek.com\/wp-content\/uploads\/2022\/07\/8V8A5995-1024x683.jpg 1024w, http:\/\/blascozumeta.wimbitek.com\/wp-content\/uploads\/2022\/07\/8V8A5995-300x200.jpg 300w, http:\/\/blascozumeta.wimbitek.com\/wp-content\/uploads\/2022\/07\/8V8A5995-768x512.jpg 768w, http:\/\/blascozumeta.wimbitek.com\/wp-content\/uploads\/2022\/07\/8V8A5995-1536x1024.jpg 1536w, http:\/\/blascozumeta.wimbitek.com\/wp-content\/uploads\/2022\/07\/8V8A5995-2048x1365.jpg 2048w\" sizes=\"auto, (max-width: 1024px) 100vw, 1024px\" \/><\/figure><div class=\"wp-block-media-text__content\">\n<div class=\"wp-block-group\" style=\"padding-top:0em;padding-right:2em;padding-bottom:0em;padding-left:2em\"><div class=\"wp-block-group__inner-container is-layout-flow wp-block-group-is-layout-flow\">\n<p>Furthermore, Javier promoted other project types, in this case associated with the study and conservation of the cultural heritage. On such projects, available in this <a href=\"https:\/\/monteriza.aranzadi.eus\/wp-content\/uploads\/callejero\/Callejero.pdf\" data-type=\"URL\" data-id=\"https:\/\/monteriza.aranzadi.eus\/wp-content\/uploads\/callejero\/Callejero.pdf\"><strong>link<\/strong><\/a>, was the \u2018Streets of Pina de Ebro\u2019, in collaboration with Nieves Borraz. In this line, one of his most recent projects, in collaboration with Victoria Zumeta, has been the review of landmarks of Pina de Ebro. Following a demarcation document from the end of 1872, photographs from 150 years ago have been compared those from today, thus allowing the comparison and change of the landscape at a very local spatial scale. Like the rest of his works the info of the project can be downloaded from this <a href=\"https:\/\/monteriza.aranzadi.eus\/wp-content\/uploads\/mojones\/Libro%20mojones.pdf\" data-type=\"URL\" data-id=\"https:\/\/monteriza.aranzadi.eus\/wp-content\/uploads\/mojones\/Libro%20mojones.pdf\"><strong>link<\/strong><\/a>. Another project in progress is the inventory of bell towers in Aragon, which can be consulted at this <a href=\"http:\/\/blascozumeta.com\/torres\/\" data-type=\"URL\" data-id=\"http:\/\/blascozumeta.com\/torres\/\"><strong>link<\/strong><\/a>.<\/p>\n\n\n\n<p>Finally, we cannot ignore that Javier was teaching for more than 30 years at the CEIP Ram\u00f3n y Cajal in Pina de Ebro. Javier transferred his passion for nature to the school and \u201cbroke down\u201d its walls to move the school to the countryside in a project of educational innovation in which one afternoon a week was dedicated to go out into the environment to study nature in Nature.<\/p>\n\n\n\n<p>All these works were carried out with the goal of disseminating, altruistically, the natural and cultural heritage of Pina de Ebro and Arag\u00f3n. As a consequence, all this work has been recognized by awards and recognitions such as the Gold Medal of the Villa de Pina de Ebro (1995), the Cross of the Civil Order of Alfonso X the Wise (1996), the Arag\u00f3n Environment Award (2004), the Jaul\u00edn Award in Defense of Nature (1994, 2010) and, last but not least, the giving of the name \u2018Parque Javier Blasco Zumeta\u2019 to a park in Pina de Ebro.<\/p>\n<\/div><\/div>\n<\/div><\/div>\n\n\n\n<div class=\"wp-block-media-text alignfull has-media-on-the-right is-stacked-on-mobile is-vertically-aligned-center intro_image has-black-color has-white-background-color has-text-color has-background\" style=\"grid-template-columns:auto 27%\"><div class=\"wp-block-media-text__content\">\n<div class=\"wp-block-group\" style=\"padding-top:0em;padding-right:2em;padding-bottom:0em;padding-left:2em\"><div class=\"wp-block-group__inner-container is-layout-flow wp-block-group-is-layout-flow\">\n<h2 class=\"wp-block-heading has-black-color has-text-color\">About Gerd-Michael Heinze<\/h2>\n\n\n\n<p>Gerd-Michael Heinze (Wolfsburg, 1959) is a German expert ornithologist from the Lower Saxony region. Through an European ringers forum, Gerd helped Javier with some doubts about cormorant moulting in 2006 and since then they have worked together in determining sex, age and studying bird&#8217;s plumage, completing this reference guide.<\/p>\n\n\n\n<p>Gerd works since the early 1990s at the Lower Saxony Water Management, Coastal Protection and Nature Conservation Agency, Nature Conservation Centre Elbe Estuary. He is responsible for species and biotope protection and management in large Natura2000 areas where he also promotes nature tourism and his passion for birds through lectures and excursions.<\/p>\n\n\n\n<p>Ornithological interests since the 1980s are field observation, ringing, recording and mapping of breeding and migratory birds. His main passions are &#8220;sibling species&#8221;, shorebirds, raptors and owls.<\/p>\n\n\n\n<p>Gerd specializes since the 1970s in the determination of birds based on feathers and bird-remains, built up a feather collection for comparison and corresponds to different feather-ID-projects.<\/p>\n\n\n\n<p>In addition to the birds, he is devoted to entomology (especially butterflies, dragonflies and grasshoppers) and herpetology.<\/p>\n<\/div><\/div>\n<\/div><figure class=\"wp-block-media-text__media\"><img loading=\"lazy\" decoding=\"async\" width=\"740\" height=\"1024\" src=\"http:\/\/3.66.156.246\/wp-content\/uploads\/2022\/10\/Gerd-20210820_112701-740x1024.jpg\" alt=\"\" class=\"wp-image-662 size-full\" srcset=\"http:\/\/blascozumeta.wimbitek.com\/wp-content\/uploads\/2022\/10\/Gerd-20210820_112701-740x1024.jpg 740w, http:\/\/blascozumeta.wimbitek.com\/wp-content\/uploads\/2022\/10\/Gerd-20210820_112701-217x300.jpg 217w, http:\/\/blascozumeta.wimbitek.com\/wp-content\/uploads\/2022\/10\/Gerd-20210820_112701-768x1063.jpg 768w, http:\/\/blascozumeta.wimbitek.com\/wp-content\/uploads\/2022\/10\/Gerd-20210820_112701.jpg 867w\" sizes=\"auto, (max-width: 740px) 100vw, 740px\" \/><\/figure><\/div>\n\n\n\n<div class=\"wp-block-media-text alignfull is-stacked-on-mobile is-vertically-aligned-center intro_image has-background\" style=\"background-color:#8dbb27\"><figure class=\"wp-block-media-text__media\"><img loading=\"lazy\" decoding=\"async\" width=\"1024\" height=\"683\" src=\"http:\/\/blascozumeta.com\/wp-content\/uploads\/2022\/07\/8V8A6520-1024x683.jpg\" alt=\"\" class=\"wp-image-544 size-full\" srcset=\"http:\/\/blascozumeta.wimbitek.com\/wp-content\/uploads\/2022\/07\/8V8A6520-1024x683.jpg 1024w, http:\/\/blascozumeta.wimbitek.com\/wp-content\/uploads\/2022\/07\/8V8A6520-300x200.jpg 300w, http:\/\/blascozumeta.wimbitek.com\/wp-content\/uploads\/2022\/07\/8V8A6520-768x512.jpg 768w, http:\/\/blascozumeta.wimbitek.com\/wp-content\/uploads\/2022\/07\/8V8A6520-1536x1024.jpg 1536w, http:\/\/blascozumeta.wimbitek.com\/wp-content\/uploads\/2022\/07\/8V8A6520-2048x1365.jpg 2048w\" sizes=\"auto, (max-width: 1024px) 100vw, 1024px\" \/><\/figure><div class=\"wp-block-media-text__content\">\n<div class=\"wp-block-group\" style=\"padding-right:2em;padding-left:2em\"><div class=\"wp-block-group__inner-container is-layout-constrained wp-container-core-group-is-layout-77595e76 wp-block-group-is-layout-constrained\">\n<h2 class=\"wp-block-heading has-black-color has-text-color\"><strong>Acknowledgements<\/strong><\/h2>\n\n\n\n<p class=\"has-black-color has-text-color\">Many people have helped by contributing photographs, making comments or helping in the capture of specimens to be photographed. Thanks, really, to Jos\u00e9 Miguel Abenia, Gonzalo Agudo, Eduardo Albaiceta, Juan Carlos Albero, Manuel Alc\u00e1ntara, Javier Alc\u00f3n, Jos\u00e9 Antonio Alfranca, Eduardo Amengual, Manolo Andr\u00e9s Moreno, Adolfo Arag\u00fc\u00e9s, Fernando Arranz, Joan Aymerich, Raul Aymi, Eva Banda, Jordi Baucells, Jose Beneito Montagut, Luis Besc\u00f3s, David Bigas, Gerard Bota, Frank Bracko, Ursula Bryson, Alberto Bueno, Jos\u00e9 Mar\u00eda Canudo, Miguel \u00c1ngel Carrero, Manuel Castillo, Daniel Cazo, F\u00e9lix Compaired, Fernando Contel, Alejandro Corregidor, Miguel de Gabriel Hernando, Sergio de Juan, Manuel de la Riva, Javier Elorriaga, Daniel Enfedaque, Conchi Escanilla Us\u00f3n, Pedro Escart\u00edn, FAB (Fondo de Amigos del Buitre), Juan Fern\u00e1ndez Gil, Juan Carlos Fern\u00e1ndez-Ord\u00f3\u00f1ez, Alex Fonollosa, Marlis Forcher, Klaus Dietrich Finczynski, Laura Fortu\u00f1o Aixendri, Miquel Angel Franch Casanova, Uge Fuertes Sanz; \u00c1lvaro Gaj\u00f3n Baz\u00e1n, Manuel Gal\u00e1n, Lluis Garc\u00eda (Restauran l\u2019Estany), Gabriel Gargallo, Jordi G\u00f3mez, Rafael Gonz\u00e1lez de Lucas, Javier Gonzalvo, \u00d3scar Gordo, Arnau Guardia Povedano, Ricard Guti\u00e9rrez, \u00d3scar Guti\u00e9rrez, Juan Carlos Hidalgo Garc\u00eda, Magnus Hellstr\u00f6m, Esteban Hern\u00e1ndez San Rom\u00e1n, Marc Illa, Pere Josa, Ondrej Kauzal, Hansj\u00f6rg Lauermann, Jes\u00fas Mari Lekuona, Miguel \u00c1ngel Let\u00f3n, Joaqu\u00edn L\u00f3pez Pardo, Rafael L\u00f3pez Vidal, Guillermo L\u00f3pez Zamora, Ralph -G.&nbsp; L\u00f6sekrug, Javier Lucientes, Ariele Magnani, Xavier Marco, Miguel \u00c1ngel Mart\u00edn Arnau, Jos\u00e9 Antonio Mart\u00ednez, David Mazuelas, Juan Luis Mu\u00f1oz, Jos\u00e9 Ignacio Oc\u00e1riz, Alejandro Onrubia, Ottenby Bird Observatory, Parc Natural del Delta de l\u2019Ebre (Departament de Medi Ambient i Habitatge, Generalitat de Catalunya), Nerea Pagaldai, Carlos P\u00e9rez Laborda, Adolfo P\u00e9rez, Jos\u00e9 Antonio Pinzolas, C\u00e9sar Pi\u00f1ol, Alberto Plata, Francesc Pociello, Pia R\u00e4nn\u00e4nen, Dietrich Ristow, Jos\u00e9 Luis Rivas, Domingo Rivera, Isabel Roa, Rub\u00e9n Rodr\u00edguez Olivares, Lidia Roncero, Rafael S\u00e1nchez, Javier Sanz, Juan Carlos Senar, David Serrano, Serveis Territorials a Lleida (Departament de Medi Ambient i Habitatge, Generalitat de Catalunya), Jos\u00e9 Luis Tella, Paulo Tenreiro, Antonio Torrijo, Sergi Turmo, Vincent van der Spek, Francesc Vidal i Esquerr\u00e9, Diego Villan\u00faa, Pedro Villanueva, Eduard Villar Leonard, Matthias V\u00f6geli, Reinhard Vohwinkel, Carlos Xamani, Esther Yera and \u00cd\u00f1igo Zuberogoitia.<\/p>\n\n\n\n<p class=\"has-black-color has-text-color\">And especially to the Centre de Fauna de Vallcalent (Lleida), without whose collaboration much of this work would not have been possible.<\/p>\n<\/div><\/div>\n<\/div><\/div>\n","protected":false},"excerpt":{"rendered":"","protected":false},"author":2,"featured_media":212,"parent":0,"menu_order":0,"comment_status":"closed","ping_status":"closed","template":"","meta":{"footnotes":""},"class_list":["post-339","page","type-page","status-publish","has-post-thumbnail","hentry"],"_links":{"self":[{"href":"http:\/\/blascozumeta.wimbitek.com\/index.php?rest_route=\/wp\/v2\/pages\/339","targetHints":{"allow":["GET"]}}],"collection":[{"href":"http:\/\/blascozumeta.wimbitek.com\/index.php?rest_route=\/wp\/v2\/pages"}],"about":[{"href":"http:\/\/blascozumeta.wimbitek.com\/index.php?rest_route=\/wp\/v2\/types\/page"}],"author":[{"embeddable":true,"href":"http:\/\/blascozumeta.wimbitek.com\/index.php?rest_route=\/wp\/v2\/users\/2"}],"replies":[{"embeddable":true,"href":"http:\/\/blascozumeta.wimbitek.com\/index.php?rest_route=%2Fwp%2Fv2%2Fcomments&post=339"}],"version-history":[{"count":36,"href":"http:\/\/blascozumeta.wimbitek.com\/index.php?rest_route=\/wp\/v2\/pages\/339\/revisions"}],"predecessor-version":[{"id":1071,"href":"http:\/\/blascozumeta.wimbitek.com\/index.php?rest_route=\/wp\/v2\/pages\/339\/revisions\/1071"}],"wp:featuredmedia":[{"embeddable":true,"href":"http:\/\/blascozumeta.wimbitek.com\/index.php?rest_route=\/wp\/v2\/media\/212"}],"wp:attachment":[{"href":"http:\/\/blascozumeta.wimbitek.com\/index.php?rest_route=%2Fwp%2Fv2%2Fmedia&parent=339"}],"curies":[{"name":"wp","href":"https:\/\/api.w.org\/{rel}","templated":true}]}}